{"id":7,"date":"2025-07-31T18:02:08","date_gmt":"2025-07-31T21:02:08","guid":{"rendered":"http:\/\/autotecportoes.com.br\/?page_id=7"},"modified":"2025-07-31T18:14:03","modified_gmt":"2025-07-31T21:14:03","slug":"elementor-7","status":"publish","type":"page","link":"https:\/\/autotecportoes.com.br\/","title":{"rendered":""},"content":{"rendered":"\t\t<div data-elementor-type=\"wp-post\" data-elementor-id=\"7\" class=\"elementor elementor-7\">\n\t\t\t\t<div class=\"elementor-element elementor-element-081f3f2 e-flex e-con-boxed e-con e-parent\" data-id=\"081f3f2\" data-element_type=\"container\">\n\t\t\t\t\t<div class=\"e-con-inner\">\n\t\t\t\t<div class=\"elementor-element elementor-element-f9e080c elementor-widget elementor-widget-html\" data-id=\"f9e080c\" data-element_type=\"widget\" data-widget_type=\"html.default\">\n\t\t\t\t<div class=\"elementor-widget-container\">\n\t\t\t\t\t<!-- Este bloco inclui a barra de navega\u00e7\u00e3o. Adicione-o ao topo da sua p\u00e1gina no Elementor. -->\r\n<head>\r\n    <link href=\"https:\/\/fonts.googleapis.com\/css2?family=Inter:wght@400;600;700&display=swap\" rel=\"stylesheet\">\r\n    <script src=\"https:\/\/cdn.tailwindcss.com\"><\/script>\r\n    <style>\r\n        body { font-family: 'Inter', sans-serif; }\r\n    <\/style>\r\n<\/head>\r\n<header class=\"sticky top-0 z-50 bg-white shadow-md\">\r\n    <nav class=\"container mx-auto px-6 py-4 flex justify-between items-center\">\r\n        <a href=\"#\" class=\"text-2xl font-bold text-blue-700\">AutoTec Port\u00f5es<\/a>\r\n        <div class=\"hidden md:flex space-x-6 font-semibold\">\r\n            <a href=\"#servicos\" class=\"text-slate-600 hover:text-blue-700 transition duration-300\">Servi\u00e7os<\/a>\r\n            <a href=\"#sobre\" class=\"text-slate-600 hover:text-blue-700 transition duration-300\">Sobre N\u00f3s<\/a>\r\n            <a href=\"#contato\" class=\"text-slate-600 hover:text-blue-700 transition duration-300\">Contato<\/a>\r\n        <\/div>\r\n        <!-- Bot\u00e3o de menu mobile (voc\u00ea pode precisar de um plugin para o Elementor lidar com isso) -->\r\n        <button class=\"md:hidden text-slate-600 focus:outline-none\">\r\n            <svg xmlns=\"http:\/\/www.w3.org\/2000\/svg\" class=\"h-6 w-6\" fill=\"none\" viewBox=\"0 0 24 24\" stroke=\"currentColor\">\r\n                <path stroke-linecap=\"round\" stroke-linejoin=\"round\" stroke-width=\"2\" d=\"M4 6h16M4 12h16m-7 6h7\" \/>\r\n            <\/svg>\r\n        <\/button>\r\n    <\/nav>\r\n<\/header>\r\n\t\t\t\t<\/div>\n\t\t\t\t<\/div>\n\t\t\t\t\t<\/div>\n\t\t\t\t<\/div>\n\t\t<div class=\"elementor-element elementor-element-e1fd598 e-flex e-con-boxed e-con e-parent\" data-id=\"e1fd598\" data-element_type=\"container\">\n\t\t\t\t\t<div class=\"e-con-inner\">\n\t\t\t\t<div class=\"elementor-element elementor-element-fe043a2 elementor-widget elementor-widget-html\" data-id=\"fe043a2\" data-element_type=\"widget\" data-widget_type=\"html.default\">\n\t\t\t\t<div class=\"elementor-widget-container\">\n\t\t\t\t\t<!-- Este \u00e9 o banner principal, agora com a imagem de fundo fornecida e sem as frases de texto. -->\r\n<head>\r\n    <link href=\"https:\/\/fonts.googleapis.com\/css2?family=Inter:wght@400;600;700&display=swap\" rel=\"stylesheet\">\r\n    <script src=\"https:\/\/cdn.tailwindcss.com\"><\/script>\r\n    <style>\r\n        body { font-family: 'Inter', sans-serif; }\r\n    <\/style>\r\n<\/head>\r\n<section class=\"py-24 md:py-36 flex items-center justify-center text-center text-white\"\r\n    style=\"background-image: linear-gradient(rgba(0, 0, 0, 0.5), rgba(0, 0, 0, 0.5)), url('http:\/\/autotecportoes.com.br\/wp-content\/uploads\/2025\/07\/Whisk_e4bc54e1a8.jpg'); background-size: cover; background-position: center;\">\r\n    <div class=\"max-w-3xl px-4\">\r\n        <h1 class=\"text-4xl md:text-6xl font-bold leading-tight mb-4\">AutoTec Port\u00f5es<\/h1>\r\n        <p class=\"text-lg md:text-xl mb-8\">\r\n            Especialistas em manuten\u00e7\u00e3o, instala\u00e7\u00e3o e automa\u00e7\u00e3o de port\u00f5es.\r\n        <\/p>\r\n        <a href=\"#contato\" class=\"bg-blue-600 hover:bg-blue-700 text-white font-bold py-3 px-8 rounded-full shadow-lg transition duration-300\">\r\n            Solicite um Or\u00e7amento\r\n        <\/a>\r\n    <\/div>\r\n<\/section>\r\n\t\t\t\t<\/div>\n\t\t\t\t<\/div>\n\t\t\t\t\t<\/div>\n\t\t\t\t<\/div>\n\t\t<div class=\"elementor-element elementor-element-0e202ff e-flex e-con-boxed e-con e-parent\" data-id=\"0e202ff\" data-element_type=\"container\">\n\t\t\t\t\t<div class=\"e-con-inner\">\n\t\t\t\t<div class=\"elementor-element elementor-element-b0e6609 elementor-widget elementor-widget-html\" data-id=\"b0e6609\" data-element_type=\"widget\" data-widget_type=\"html.default\">\n\t\t\t\t<div class=\"elementor-widget-container\">\n\t\t\t\t\t<!-- Este bloco cont\u00e9m os cards de servi\u00e7os com a imagem de fundo. -->\r\n<head>\r\n    <link href=\"https:\/\/fonts.googleapis.com\/css2?family=Inter:wght@400;600;700&display=swap\" rel=\"stylesheet\">\r\n    <script src=\"https:\/\/cdn.tailwindcss.com\"><\/script>\r\n    <style>\r\n        body { font-family: 'Inter', sans-serif; }\r\n        .services-bg {\r\n            background-image: linear-gradient(rgba(0, 0, 0, 0.6), rgba(0, 0, 0, 0.6)), url('http:\/\/googleusercontent.com\/file_content\/1');\r\n            background-size: cover;\r\n            background-position: center;\r\n        }\r\n    <\/style>\r\n<\/head>\r\n<section id=\"servicos\" class=\"py-16 md:py-24 services-bg text-white\">\r\n    <div class=\"container mx-auto px-6 text-center\">\r\n        <h2 class=\"text-3xl md:text-4xl font-bold text-white mb-4\">Servi\u00e7os para Port\u00f5es Residenciais e Prediais<\/h2>\r\n        <p class=\"text-lg text-slate-100 mb-12 max-w-2xl mx-auto\">\r\n            Oferecemos solu\u00e7\u00f5es completas para manuten\u00e7\u00e3o, reparo e instala\u00e7\u00e3o, atendendo \u00e0s necessidades espec\u00edficas de resid\u00eancias, condom\u00ednios e empresas.\r\n        <\/p>\r\n        <div class=\"grid md:grid-cols-3 gap-8\">\r\n            <!-- Card de Servi\u00e7o 1: Residencial -->\r\n            <div class=\"bg-slate-50 p-8 rounded-xl shadow-lg border border-slate-200\">\r\n                <div class=\"text-blue-600 mb-4 inline-block\">\r\n                    <svg xmlns=\"http:\/\/www.w3.org\/2000\/svg\" class=\"h-16 w-16\" fill=\"none\" viewBox=\"0 0 24 24\" stroke=\"currentColor\" stroke-width=\"1.5\">\r\n                        <path stroke-linecap=\"round\" stroke-linejoin=\"round\" d=\"M3 12l2-2m0 0l7-7 7 7M5 10v10a1 1 0 001 1h3m10-11l2 2m-2-2v10a1 1 0 01-1 1h-3m-6 0a1 1 0 001-1v-4a1 1 0 011-1h2a1 1 0 011 1v4a1 1 0 001 1m-6 0h6\" \/>\r\n                    <\/svg>\r\n                <\/div>\r\n                <h3 class=\"text-2xl font-semibold mb-2 text-slate-800\">Manuten\u00e7\u00e3o para Resid\u00eancias<\/h3>\r\n                <p class=\"text-slate-500\">\r\n                    Manuten\u00e7\u00e3o preventiva e corretiva para garantir o funcionamento seguro e silencioso do port\u00e3o da sua casa.\r\n                <\/p>\r\n            <\/div>\r\n            <!-- Card de Servi\u00e7o 2: Predial -->\r\n            <div class=\"bg-slate-50 p-8 rounded-xl shadow-lg border border-slate-200\">\r\n                <div class=\"text-blue-600 mb-4 inline-block\">\r\n                    <svg xmlns=\"http:\/\/www.w3.org\/2000\/svg\" class=\"h-16 w-16\" fill=\"none\" viewBox=\"0 0 24 24\" stroke=\"currentColor\" stroke-width=\"1.5\">\r\n                        <path stroke-linecap=\"round\" stroke-linejoin=\"round\" d=\"M19 21V5a2 2 0 00-2-2H7a2 2 0 00-2 2v16m14 0h2m-2 0h-5m-9 0H3m2 0h5M9 7h1m-1 4h1m4-4h1m-1 4h1m-5 10v-5a1 1 0 011-1h2a1 1 0 011 1v5m-4 0h4\" \/>\r\n                    <\/svg>\r\n                <\/div>\r\n                <h3 class=\"text-2xl font-semibold mb-2 text-slate-800\">Servi\u00e7os para Condom\u00ednios<\/h3>\r\n                <p class=\"text-slate-500\">\r\n                    Contratos de manuten\u00e7\u00e3o para port\u00f5es de alto tr\u00e1fego em condom\u00ednios, com atendimento de emerg\u00eancia 24h.\r\n                <\/p>\r\n            <\/div>\r\n            <!-- Card de Servi\u00e7o 3: Instala\u00e7\u00e3o -->\r\n            <div class=\"bg-slate-50 p-8 rounded-xl shadow-lg border border-slate-200\">\r\n                <div class=\"text-blue-600 mb-4 inline-block\">\r\n                    <svg xmlns=\"http:\/\/www.w3.org\/2000\/svg\" class=\"h-16 w-16\" fill=\"none\" viewBox=\"0 0 24 24\" stroke=\"currentColor\" stroke-width=\"1.5\">\r\n                        <path stroke-linecap=\"round\" stroke-linejoin=\"round\" d=\"M3 8l7.89 5.26a2 2 0 002.22 0L21 8M5 19h14a2 2 0 002-2V7a2 2 0 00-2-2H5a2 2 0 00-2 2v10a2 2 0 002 2z\" \/>\r\n                    <\/svg>\r\n                <\/div>\r\n                <h3 class=\"text-2xl font-semibold mb-2 text-slate-800\">Instala\u00e7\u00e3o e Automa\u00e7\u00e3o<\/h3>\r\n                <p class=\"text-slate-500\">\r\n                    Instalamos novos port\u00f5es autom\u00e1ticos, motores e sistemas de seguran\u00e7a, com foco em efici\u00eancia e tecnologia.\r\n                <\/p>\r\n            <\/div>\r\n        <\/div>\r\n    <\/div>\r\n<\/section>\r\n\t\t\t\t<\/div>\n\t\t\t\t<\/div>\n\t\t\t\t\t<\/div>\n\t\t\t\t<\/div>\n\t\t<div class=\"elementor-element elementor-element-0680a88 e-flex e-con-boxed e-con e-parent\" data-id=\"0680a88\" data-element_type=\"container\">\n\t\t\t\t\t<div class=\"e-con-inner\">\n\t\t\t\t<div class=\"elementor-element elementor-element-b353d6d elementor-widget elementor-widget-html\" data-id=\"b353d6d\" data-element_type=\"widget\" data-widget_type=\"html.default\">\n\t\t\t\t<div class=\"elementor-widget-container\">\n\t\t\t\t\t<!-- Este bloco \u00e9 a se\u00e7\u00e3o \"Sobre N\u00f3s\" com imagem e texto. A imagem foi atualizada. -->\r\n<head>\r\n    <link href=\"https:\/\/fonts.googleapis.com\/css2?family=Inter:wght@400;600;700&display=swap\" rel=\"stylesheet\">\r\n    <script src=\"https:\/\/cdn.tailwindcss.com\"><\/script>\r\n    <style>\r\n        body { font-family: 'Inter', sans-serif; }\r\n    <\/style>\r\n<\/head>\r\n<section id=\"sobre\" class=\"py-16 md:py-24 bg-slate-100\">\r\n    <div class=\"container mx-auto px-6 flex flex-col md:flex-row items-center gap-12\">\r\n        <div class=\"md:w-1\/2\">\r\n            <img decoding=\"async\" src=\"http:\/\/autotecportoes.com.br\/wp-content\/uploads\/2025\/07\/Whisk_a56f2dbe91.jpg\" alt=\"Equipe da AutoTec Port\u00f5es\" class=\"rounded-xl shadow-lg\">\r\n        <\/div>\r\n        <div class=\"md:w-1\/2 text-center md:text-left\">\r\n            <h2 class=\"text-3xl md:text-4xl font-bold text-blue-700 mb-4\">Sobre a AutoTec Port\u00f5es<\/h2>\r\n            <p class=\"text-lg text-slate-600 mb-4\">\r\n                Com mais de 33 anos de experi\u00eancia no mercado de S\u00e3o Paulo, a AutoTec Port\u00f5es \u00e9 sin\u00f4nimo de confian\u00e7a e excel\u00eancia**. Nossa miss\u00e3o \u00e9 fornecer servi\u00e7os de manuten\u00e7\u00e3o e instala\u00e7\u00e3o de alta qualidade, garantindo a tranquilidade e a seguran\u00e7a de nossos clientes.\r\n            <\/p>\r\n            <p class=\"text-lg text-slate-600\">\r\n                Nossa equipe \u00e9 formada por t\u00e9cnicos especializados, prontos para atender a sua necessidade com agilidade e efici\u00eancia. Atendemos todas as regi\u00f5es da grande S\u00e3o Paulo.\r\n            <\/p>\r\n        <\/div>\r\n    <\/div>\r\n<\/section>\r\n\t\t\t\t<\/div>\n\t\t\t\t<\/div>\n\t\t\t\t\t<\/div>\n\t\t\t\t<\/div>\n\t\t<div class=\"elementor-element elementor-element-0b6126c e-flex e-con-boxed e-con e-parent\" data-id=\"0b6126c\" data-element_type=\"container\">\n\t\t\t\t\t<div class=\"e-con-inner\">\n\t\t\t\t<div class=\"elementor-element elementor-element-ef4434c elementor-widget elementor-widget-html\" data-id=\"ef4434c\" data-element_type=\"widget\" data-widget_type=\"html.default\">\n\t\t\t\t<div class=\"elementor-widget-container\">\n\t\t\t\t\t<!-- Este bloco inclui as informa\u00e7\u00f5es de contato. O bot\u00e3o do WhatsApp foi removido. -->\r\n<head>\r\n    <link href=\"https:\/\/fonts.googleapis.com\/css2?family=Inter:wght@400;600;700&display=swap\" rel=\"stylesheet\">\r\n    <script src=\"https:\/\/cdn.tailwindcss.com\"><\/script>\r\n    <style>\r\n        body { font-family: 'Inter', sans-serif; }\r\n    <\/style>\r\n<\/head>\r\n<section id=\"contato\" class=\"py-16 md:py-24 bg-white\">\r\n    <div class=\"container mx-auto px-6 text-center\">\r\n        <h2 class=\"text-3xl md:text-4xl font-bold text-blue-700 mb-4\">Fale Conosco<\/h2>\r\n        <p class=\"text-lg text-slate-600 mb-12 max-w-2xl mx-auto\">\r\n            Entre em contato para solicitar um or\u00e7amento gratuito ou para um atendimento de emerg\u00eancia.\r\n        <\/p>\r\n        <div class=\"flex flex-col md:flex-row items-center justify-center gap-8\">\r\n            <!-- Informa\u00e7\u00f5es de Contato -->\r\n            <div class=\"md:w-1\/2 max-w-md bg-slate-50 p-8 rounded-xl shadow-lg border border-slate-200 text-left\">\r\n                <h3 class=\"text-2xl font-semibold mb-4\">Informa\u00e7\u00f5es<\/h3>\r\n                <div class=\"space-y-4\">\r\n                    <div class=\"flex items-center space-x-4\">\r\n                        <svg xmlns=\"http:\/\/www.w3.org\/2000\/svg\" class=\"h-6 w-6 text-blue-600\" fill=\"none\" viewBox=\"0 0 24 24\" stroke=\"currentColor\" stroke-width=\"1.5\">\r\n                            <path stroke-linecap=\"round\" stroke-linejoin=\"round\" d=\"M3 5a2 2 0 012-2h3.28a1 1 0 01.948.684l1.498 4.493a1 1 0 01-.502 1.21l-2.257 1.13a11.042 11.042 0 005.516 5.516l1.13-2.257a1 1 0 011.21-.502l4.493 1.498a1 1 0 01.684.949V19a2 2 0 01-2 2h-1C9.716 21 3 14.284 3 6V5z\" \/>\r\n                        <\/svg>\r\n                        <div>\r\n                            <p class=\"font-bold\">Telefone:<\/p>\r\n                            <a href=\"tel:+5511954334469\" class=\"text-slate-600 hover:text-blue-700\">(11) 95433-4469<\/a>\r\n                        <\/div>\r\n                    <\/div>\r\n                    <div class=\"flex items-center space-x-4\">\r\n                        <svg xmlns=\"http:\/\/www.w3.org\/2000\/svg\" class=\"h-6 w-6 text-blue-600\" fill=\"none\" viewBox=\"0 0 24 24\" stroke=\"currentColor\" stroke-width=\"1.5\">\r\n                            <path stroke-linecap=\"round\" stroke-linejoin=\"round\" d=\"M17 8l-4 4m0 0l-4-4m4 4v9\" \/>\r\n                        <\/svg>\r\n                        <div>\r\n                            <p class=\"font-bold\">E-mail:<\/p>\r\n                            <a href=\"mailto:contato@autotecme.com.br\" class=\"text-slate-600 hover:text-blue-700\">contato@autotecme.com.br<\/a>\r\n                        <\/div>\r\n                    <\/div>\r\n                <\/div>\r\n            <\/div>\r\n        <\/div>\r\n    <\/div>\r\n<\/section>\r\n\t\t\t\t<\/div>\n\t\t\t\t<\/div>\n\t\t\t\t\t<\/div>\n\t\t\t\t<\/div>\n\t\t<div class=\"elementor-element elementor-element-e539011 e-flex e-con-boxed e-con e-parent\" data-id=\"e539011\" data-element_type=\"container\">\n\t\t\t\t\t<div class=\"e-con-inner\">\n\t\t\t\t<div class=\"elementor-element elementor-element-6a02cef elementor-widget elementor-widget-html\" data-id=\"6a02cef\" data-element_type=\"widget\" data-widget_type=\"html.default\">\n\t\t\t\t<div class=\"elementor-widget-container\">\n\t\t\t\t\t<!-- Este \u00e9 o bloco do rodap\u00e9. Adicione-o ao final da sua p\u00e1gina. -->\r\n<head>\r\n    <link href=\"https:\/\/fonts.googleapis.com\/css2?family=Inter:wght@400;600;700&display=swap\" rel=\"stylesheet\">\r\n    <script src=\"https:\/\/cdn.tailwindcss.com\"><\/script>\r\n    <style>\r\n        body { font-family: 'Inter', sans-serif; }\r\n    <\/style>\r\n<\/head>\r\n<footer class=\"bg-slate-900 text-white py-8\">\r\n    <div class=\"container mx-auto px-6 text-center\">\r\n        <p>&copy; 2024 AutoTec Port\u00f5es. Todos os direitos reservados.<\/p>\r\n    <\/div>\r\n<\/footer>\r\n\t\t\t\t<\/div>\n\t\t\t\t<\/div>\n\t\t\t\t\t<\/div>\n\t\t\t\t<\/div>\n\t\t\t\t<\/div>\n\t\t","protected":false},"excerpt":{"rendered":"<p>AutoTec Port\u00f5es Servi\u00e7os Sobre N\u00f3s Contato AutoTec Port\u00f5es Especialistas em manuten\u00e7\u00e3o, instala\u00e7\u00e3o e automa\u00e7\u00e3o de port\u00f5es. Solicite um Or\u00e7amento Servi\u00e7os para Port\u00f5es Residenciais e Prediais Oferecemos solu\u00e7\u00f5es completas para manuten\u00e7\u00e3o, reparo e instala\u00e7\u00e3o, atendendo \u00e0s necessidades espec\u00edficas de resid\u00eancias, condom\u00ednios e empresas. Manuten\u00e7\u00e3o para Resid\u00eancias Manuten\u00e7\u00e3o preventiva e corretiva para garantir o funcionamento seguro e [&hellip;]<\/p>\n","protected":false},"author":1,"featured_media":0,"parent":0,"menu_order":0,"comment_status":"closed","ping_status":"closed","template":"elementor_header_footer","meta":{"_joinchat":[],"footnotes":""},"class_list":["post-7","page","type-page","status-publish","hentry"],"_links":{"self":[{"href":"https:\/\/autotecportoes.com.br\/index.php?rest_route=\/wp\/v2\/pages\/7","targetHints":{"allow":["GET"]}}],"collection":[{"href":"https:\/\/autotecportoes.com.br\/index.php?rest_route=\/wp\/v2\/pages"}],"about":[{"href":"https:\/\/autotecportoes.com.br\/index.php?rest_route=\/wp\/v2\/types\/page"}],"author":[{"embeddable":true,"href":"https:\/\/autotecportoes.com.br\/index.php?rest_route=\/wp\/v2\/users\/1"}],"replies":[{"embeddable":true,"href":"https:\/\/autotecportoes.com.br\/index.php?rest_route=%2Fwp%2Fv2%2Fcomments&post=7"}],"version-history":[{"count":8,"href":"https:\/\/autotecportoes.com.br\/index.php?rest_route=\/wp\/v2\/pages\/7\/revisions"}],"predecessor-version":[{"id":26,"href":"https:\/\/autotecportoes.com.br\/index.php?rest_route=\/wp\/v2\/pages\/7\/revisions\/26"}],"wp:attachment":[{"href":"https:\/\/autotecportoes.com.br\/index.php?rest_route=%2Fwp%2Fv2%2Fmedia&parent=7"}],"curies":[{"name":"wp","href":"https:\/\/api.w.org\/{rel}","templated":true}]}}